{"id":554097,"date":"2024-02-03T02:00:19","date_gmt":"2024-02-03T02:00:19","guid":{"rendered":"https:\/\/roomvo.50g.io\/produto\/membrana-elastica\/"},"modified":"2024-02-03T02:00:19","modified_gmt":"2024-02-03T02:00:19","slug":"membrana-elastica","status":"publish","type":"product","link":"https:\/\/roomvo.50g.io\/fr\/produit\/membrana-elastica\/","title":{"rendered":"Membrane \u00e9lastique"},"content":{"rendered":"<p>La Membrane \u00c9lastique Pro est une peinture aqueuse sp\u00e9cialement d\u00e9velopp\u00e9e pour peindre les fa\u00e7ades.<\/p>\n<ul>\n<li>Excellent rapport qualit\u00e9-prix ;<\/li>\n<li>Id\u00e9al pour les professionnels ;<\/li>\n<li>Fourni en couleur blanche en emballages de 15l&nbsp;;<\/li>\n<li>Il offre une couvrance raisonnable et une bonne \u00e9lasticit\u00e9, assurant des r\u00e9sultats durables et une qualit\u00e9 professionnelle raisonnable.<\/li>\n<\/ul>\n","protected":false},"excerpt":{"rendered":"<p>Peinture aqueuse \u00e9lastique pour la peinture des fa\u00e7ades.<\/p>\n","protected":false},"featured_media":481554,"template":"","meta":{"_acf_changed":false,"_seopress_robots_primary_cat":"none","_seopress_titles_title":"%%post_title\u00a0%% %%sep\u00a0%% %%sitetitle\u00a0%%","_seopress_titles_desc":"Peinture aqueuse \u00e9lastique pour la peinture des fa\u00e7ades.","_seopress_robots_index":""},"n_product_tax-product_admin":[2055],"product_brand":[],"product_cat":[3620,3619],"product_tag":[2058],"class_list":{"0":"post-554097","1":"product","2":"type-product","3":"status-publish","4":"has-post-thumbnail","6":"product_cat-facades-fr","7":"product_cat-finitions-facades-peinture","8":"product_tag-pode-max-fr","10":"first","11":"instock","12":"taxable","13":"shipping-taxable","14":"purchasable","15":"product-type-variable","16":"has-default-attributes"},"acf":[],"_links":{"self":[{"href":"https:\/\/roomvo.50g.io\/fr\/wp-json\/wp\/v2\/product\/554097","targetHints":{"allow":["GET"]}}],"collection":[{"href":"https:\/\/roomvo.50g.io\/fr\/wp-json\/wp\/v2\/product"}],"about":[{"href":"https:\/\/roomvo.50g.io\/fr\/wp-json\/wp\/v2\/types\/product"}],"wp:featuredmedia":[{"embeddable":true,"href":"https:\/\/roomvo.50g.io\/fr\/wp-json\/wp\/v2\/media\/481554"}],"wp:attachment":[{"href":"https:\/\/roomvo.50g.io\/fr\/wp-json\/wp\/v2\/media?parent=554097"}],"wp:term":[{"taxonomy":"n_product_tax-product_admin","embeddable":true,"href":"https:\/\/roomvo.50g.io\/fr\/wp-json\/wp\/v2\/n_product_tax-product_admin?post=554097"},{"taxonomy":"product_brand","embeddable":true,"href":"https:\/\/roomvo.50g.io\/fr\/wp-json\/wp\/v2\/product_brand?post=554097"},{"taxonomy":"product_cat","embeddable":true,"href":"https:\/\/roomvo.50g.io\/fr\/wp-json\/wp\/v2\/product_cat?post=554097"},{"taxonomy":"product_tag","embeddable":true,"href":"https:\/\/roomvo.50g.io\/fr\/wp-json\/wp\/v2\/product_tag?post=554097"}],"curies":[{"name":"wp","href":"https:\/\/api.w.org\/{rel}","templated":true}]}}